{"id":1001,"date":"2023-04-25T20:35:33","date_gmt":"2023-04-25T18:35:33","guid":{"rendered":"http:\/\/www.christen-online.at\/?page_id=1001"},"modified":"2023-04-30T21:04:21","modified_gmt":"2023-04-30T19:04:21","slug":"unser-glaube-wahrheit-der-bibel","status":"publish","type":"page","link":"https:\/\/www.christen-online.at\/?page_id=1001","title":{"rendered":"Unser Glaube (Wahrheit der Bibel)"},"content":{"rendered":"\n<h1 class=\"wp-block-heading has-text-align-left has-ast-global-color-0-color has-text-color\" id=\"Textkritik\">Textkritik<\/h1>\n\n\n\n<hr class=\"wp-block-separator has-text-color has-ast-global-color-0-color has-alpha-channel-opacity has-ast-global-color-0-background-color has-background is-style-wide\"\/>\n\n\n\n<div style=\"height:100px\" aria-hidden=\"true\" class=\"wp-block-spacer\"><\/div>\n\n\n\n<h2 class=\"wp-block-heading has-ast-global-color-0-color has-text-color\">Ist die Bibel wahr?<\/h2>\n\n\n\n<div data-wp-interactive=\"core\/file\" class=\"wp-block-file\"><object data-wp-bind--hidden=\"!state.hasPdfPreview\" hidden class=\"wp-block-file__embed\" data=\"https:\/\/www.christen-online.at\/wp-content\/uploads\/2023\/04\/Ist-die-Bibel-wahr.pdf\" type=\"application\/pdf\" style=\"width:100%;height:600px\" aria-label=\"Embed of Ist-die-Bibel-wahr?.pdf.\"><\/object><a id=\"wp-block-file--media-5ca05cdf-27d6-4538-a294-0c6a60bfc5f8\" href=\"https:\/\/www.christen-online.at\/wp-content\/uploads\/2023\/04\/Ist-die-Bibel-wahr.pdf\">Ist-die-Bibel-wahr?.pdf<\/a><a href=\"https:\/\/www.christen-online.at\/wp-content\/uploads\/2023\/04\/Ist-die-Bibel-wahr.pdf\" class=\"wp-block-file__button wp-element-button\" download aria-describedby=\"wp-block-file--media-5ca05cdf-27d6-4538-a294-0c6a60bfc5f8\">Herunterladen<\/a><\/div>\n\n\n\n<div style=\"height:100px\" aria-hidden=\"true\" class=\"wp-block-spacer\"><\/div>\n\n\n\n<h2 class=\"wp-block-heading has-ast-global-color-0-color has-text-color\">Gibt es nur eine Bibel?<\/h2>\n\n\n\n<div data-wp-interactive=\"core\/file\" class=\"wp-block-file\"><object data-wp-bind--hidden=\"!state.hasPdfPreview\" hidden class=\"wp-block-file__embed\" data=\"https:\/\/www.christen-online.at\/wp-content\/uploads\/2023\/04\/Nur-eine-Bibel.pdf\" type=\"application\/pdf\" style=\"width:100%;height:600px\" aria-label=\"Embed of Nur-eine-Bibel.pdf.\"><\/object><a id=\"wp-block-file--media-5ca05cdf-27d6-4538-a294-0c6a60bfc5f8\" href=\"https:\/\/www.christen-online.at\/wp-content\/uploads\/2023\/04\/Nur-eine-Bibel.pdf\">Nur-eine-Bibel.pdf<\/a><a href=\"https:\/\/www.christen-online.at\/wp-content\/uploads\/2023\/04\/Nur-eine-Bibel.pdf\" class=\"wp-block-file__button wp-element-button\" download aria-describedby=\"wp-block-file--media-5ca05cdf-27d6-4538-a294-0c6a60bfc5f8\">Herunterladen<\/a><\/div>\n\n\n\n<div style=\"height:100px\" aria-hidden=\"true\" class=\"wp-block-spacer\"><\/div>\n\n\n\n<h2 class=\"wp-block-heading has-ast-global-color-0-color has-text-color\">Wie entstand das Neue Testament?<\/h2>\n\n\n\n<div data-wp-interactive=\"core\/file\" class=\"wp-block-file\"><object data-wp-bind--hidden=\"!state.hasPdfPreview\" hidden class=\"wp-block-file__embed\" data=\"https:\/\/www.christen-online.at\/wp-content\/uploads\/2023\/04\/Wie-enstand-das-neue-Testament.pdf\" type=\"application\/pdf\" style=\"width:100%;height:600px\" aria-label=\"Embed of Wie-enstand-das-neue-Testament.pdf.\"><\/object><a id=\"wp-block-file--media-5ca05cdf-27d6-4538-a294-0c6a60bfc5f8\" href=\"https:\/\/www.christen-online.at\/wp-content\/uploads\/2023\/04\/Wie-enstand-das-neue-Testament.pdf\">Wie-enstand-das-neue-Testament.pdf<\/a><a href=\"https:\/\/www.christen-online.at\/wp-content\/uploads\/2023\/04\/Wie-enstand-das-neue-Testament.pdf\" class=\"wp-block-file__button wp-element-button\" download aria-describedby=\"wp-block-file--media-5ca05cdf-27d6-4538-a294-0c6a60bfc5f8\">Herunterladen<\/a><\/div>\n\n\n\n<div style=\"height:100px\" aria-hidden=\"true\" class=\"wp-block-spacer\"><\/div>\n\n\n\n<h2 class=\"wp-block-heading has-ast-global-color-0-color has-text-color\">Die Bibel (Kurs)<\/h2>\n\n\n\n<div data-wp-interactive=\"core\/file\" class=\"wp-block-file\"><object data-wp-bind--hidden=\"!state.hasPdfPreview\" hidden class=\"wp-block-file__embed\" data=\"https:\/\/www.christen-online.at\/wp-content\/uploads\/2023\/04\/Bibelkurs.pdf\" type=\"application\/pdf\" style=\"width:100%;height:600px\" aria-label=\"Embed of Bibelkurs.pdf.\"><\/object><a id=\"wp-block-file--media-5ca05cdf-27d6-4538-a294-0c6a60bfc5f8\" href=\"https:\/\/www.christen-online.at\/wp-content\/uploads\/2023\/04\/Bibelkurs.pdf\">Bibelkurs.pdf<\/a><a href=\"https:\/\/www.christen-online.at\/wp-content\/uploads\/2023\/04\/Bibelkurs.pdf\" class=\"wp-block-file__button wp-element-button\" download aria-describedby=\"wp-block-file--media-5ca05cdf-27d6-4538-a294-0c6a60bfc5f8\">Herunterladen<\/a><\/div>\n\n\n\n<div style=\"height:100px\" aria-hidden=\"true\" class=\"wp-block-spacer\"><\/div>\n\n\n\n<h2 class=\"wp-block-heading has-ast-global-color-0-color has-text-color\">Bibel\u00fcberlick<\/h2>\n\n\n\n<p>(weiterf\u00fchrende Links)<\/p>\n\n\n\n<ul class=\"wp-block-list\">\n<li><a href=\"https:\/\/www.slideshare.net\/secret\/lugxLXHbJ7BUp2\" data-type=\"URL\" data-id=\"https:\/\/www.slideshare.net\/secret\/lugxLXHbJ7BUp2\" target=\"_blank\" rel=\"noreferrer noopener\">Lektion 1<\/a><\/li>\n\n\n\n<li><a href=\"https:\/\/www.slideshare.net\/secret\/atNWRYYhsnW7rR\" data-type=\"URL\" data-id=\"https:\/\/www.slideshare.net\/secret\/atNWRYYhsnW7rR\" target=\"_blank\" rel=\"noreferrer noopener\">Lektion 2<\/a><\/li>\n\n\n\n<li><a href=\"https:\/\/www.slideshare.net\/secret\/wyPyWQfpmEzMtO\" data-type=\"URL\" data-id=\"https:\/\/www.slideshare.net\/secret\/wyPyWQfpmEzMtO\" target=\"_blank\" rel=\"noreferrer noopener\">Lektion 3<\/a><\/li>\n\n\n\n<li><a href=\"https:\/\/www.slideshare.net\/secret\/nEMZzFPCShxtIV\" data-type=\"URL\" data-id=\"https:\/\/www.slideshare.net\/secret\/nEMZzFPCShxtIV\" target=\"_blank\" rel=\"noreferrer noopener\">Lektion 4<\/a><\/li>\n\n\n\n<li><a href=\"https:\/\/www.slideshare.net\/secret\/MGrDD2LAEcHAQk\" data-type=\"URL\" data-id=\"https:\/\/www.slideshare.net\/secret\/MGrDD2LAEcHAQk\" target=\"_blank\" rel=\"noreferrer noopener\">Lektion 5<\/a><\/li>\n\n\n\n<li><a href=\"https:\/\/www.slideshare.net\/secret\/26PGOvmgphr8is\" data-type=\"URL\" data-id=\"https:\/\/www.slideshare.net\/secret\/26PGOvmgphr8is\" target=\"_blank\" rel=\"noreferrer noopener\">Lektion 6<\/a><\/li>\n\n\n\n<li><a href=\"https:\/\/www.slideshare.net\/secret\/2R873zBEUNpNg3\" data-type=\"URL\" data-id=\"https:\/\/www.slideshare.net\/secret\/2R873zBEUNpNg3\" target=\"_blank\" rel=\"noreferrer noopener\">Lektion 7<\/a><\/li>\n\n\n\n<li><a href=\"https:\/\/www.slideshare.net\/secret\/m0Z3eViLLO58NM\" data-type=\"URL\" data-id=\"https:\/\/www.slideshare.net\/secret\/m0Z3eViLLO58NM\" target=\"_blank\" rel=\"noreferrer noopener\">Lektion 8<\/a><\/li>\n\n\n\n<li><a href=\"https:\/\/www.slideshare.net\/secret\/kBiT5GopJ7PMKS\" data-type=\"URL\" data-id=\"https:\/\/www.slideshare.net\/secret\/kBiT5GopJ7PMKS\" target=\"_blank\" rel=\"noreferrer noopener\">Lektion 9<\/a><\/li>\n\n\n\n<li><a href=\"https:\/\/www.slideshare.net\/secret\/iFw7QkYNTehjBD\" data-type=\"URL\" data-id=\"https:\/\/www.slideshare.net\/secret\/iFw7QkYNTehjBD\" target=\"_blank\" rel=\"noreferrer noopener\">Lektion 10<\/a><\/li>\n<\/ul>\n\n\n\n<div style=\"height:100px\" aria-hidden=\"true\" class=\"wp-block-spacer\"><\/div>\n\n\n\n<h2 class=\"wp-block-heading has-ast-global-color-0-color has-text-color\">H\u00f6rbibel (Schlachter 2000)<\/h2>\n\n\n\n<p><a href=\"http:\/\/www.schlachter2000.de\/cms\/index.php?page=141\" data-type=\"URL\" data-id=\"http:\/\/www.schlachter2000.de\/cms\/index.php?page=141\" target=\"_blank\" rel=\"noreferrer noopener\">schlachter2000.de<\/a><\/p>\n\n\n\n<div style=\"height:100px\" aria-hidden=\"true\" class=\"wp-block-spacer\"><\/div>\n\n\n\n<div style=\"height:100px\" aria-hidden=\"true\" class=\"wp-block-spacer\"><\/div>\n\n\n\n<h1 class=\"wp-block-heading has-ast-global-color-0-color has-text-color\" id=\"Warum-habe-ich-gelebt\">Warum habe ich gelebt<\/h1>\n\n\n\n<hr class=\"wp-block-separator has-text-color has-ast-global-color-0-color has-alpha-channel-opacity has-ast-global-color-0-background-color has-background is-style-wide\"\/>\n\n\n\n<div style=\"height:100px\" aria-hidden=\"true\" class=\"wp-block-spacer\"><\/div>\n\n\n\n<figure class=\"wp-block-audio\"><audio controls src=\"https:\/\/www.christen-online.at\/wp-content\/uploads\/2021\/12\/Warum-habe-ich-gelebt56.mp3\"><\/audio><\/figure>\n\n\n\n<div style=\"height:100px\" aria-hidden=\"true\" class=\"wp-block-spacer\"><\/div>\n\n\n\n<div style=\"height:100px\" aria-hidden=\"true\" id=\"3286-erf\u00fcllte-Prophezeiungen\" class=\"wp-block-spacer\"><\/div>\n\n\n\n<div style=\"height:100px\" aria-hidden=\"true\" class=\"wp-block-spacer\"><\/div>\n\n\n\n<h1 class=\"wp-block-heading has-ast-global-color-0-color has-text-color\">3.286 erf\u00fcllte Prophezeiungen<\/h1>\n\n\n\n<hr class=\"wp-block-separator has-text-color has-ast-global-color-0-color has-alpha-channel-opacity has-ast-global-color-0-background-color has-background is-style-wide\"\/>\n\n\n\n<div style=\"height:100px\" aria-hidden=\"true\" class=\"wp-block-spacer\"><\/div>\n\n\n\t<div class=\"ose-youtube wp-block-embed-youtube ose-youtube-single-video aligncenter\">\n\t\t<iframe src=\"https:\/\/www.youtube.com\/embed\/FTiHUmXKf9c?controls=1&#038;fs=1&#038;iv_load_policy=1\"\n\t\t        allowtransparency=\"true\"\n\t\t        allowfullscreen=\"true\"\n\t\t        frameborder=\"0\"\n\t\t        width=\"640\" height=\"360\">\n\t\t<\/iframe>\n\t<\/div>\n\t\n\n\n<div style=\"height:100px\" aria-hidden=\"true\" class=\"wp-block-spacer\"><\/div>\n\n\n\n<hr class=\"wp-block-separator has-alpha-channel-opacity is-style-dots\" style=\"margin-top:0;margin-bottom:var(--wp--preset--spacing--60)\"\/>\n","protected":false},"excerpt":{"rendered":"<p>Textkritik Ist die Bibel wahr? Gibt es nur eine Bibel? Wie entstand das Neue Testament? Die Bibel (Kurs) Bibel\u00fcberlick (weiterf\u00fchrende Links) H\u00f6rbibel (Schlachter 2000) schlachter2000.de Warum habe ich gelebt 3.286 erf\u00fcllte Prophezeiungen<\/p>\n","protected":false},"author":1,"featured_media":0,"parent":0,"menu_order":0,"comment_status":"closed","ping_status":"closed","template":"","meta":{"_uag_custom_page_level_css":"","site-sidebar-layout":"left-sidebar","site-content-layout":"","ast-site-content-layout":"default","site-content-style":"default","site-sidebar-style":"default","ast-global-header-display":"","ast-banner-title-visibility":"","ast-main-header-display":"","ast-hfb-above-header-display":"","ast-hfb-below-header-display":"","ast-hfb-mobile-header-display":"","site-post-title":"disabled","ast-breadcrumbs-content":"","ast-featured-img":"","footer-sml-layout":"","theme-transparent-header-meta":"","adv-header-id-meta":"","stick-header-meta":"","header-above-stick-meta":"","header-main-stick-meta":"","header-below-stick-meta":"","astra-migrate-meta-layouts":"default","ast-page-background-enabled":"default","ast-page-background-meta":{"desktop":{"background-color":"","background-image":"","background-repeat":"repeat","background-position":"center center","background-size":"auto","background-attachment":"scroll","background-type":"","background-media":"","overlay-type":"","overlay-color":"","overlay-opacity":"","overlay-gradient":""},"tablet":{"background-color":"","background-image":"","background-repeat":"repeat","background-position":"center center","background-size":"auto","background-attachment":"scroll","background-type":"","background-media":"","overlay-type":"","overlay-color":"","overlay-opacity":"","overlay-gradient":""},"mobile":{"background-color":"","background-image":"","background-repeat":"repeat","background-position":"center center","background-size":"auto","background-attachment":"scroll","background-type":"","background-media":"","overlay-type":"","overlay-color":"","overlay-opacity":"","overlay-gradient":""}},"ast-content-background-meta":{"desktop":{"background-color":"var(--ast-global-color-5)","background-image":"","background-repeat":"repeat","background-position":"center center","background-size":"auto","background-attachment":"scroll","background-type":"","background-media":"","overlay-type":"","overlay-color":"","overlay-opacity":"","overlay-gradient":""},"tablet":{"background-color":"var(--ast-global-color-5)","background-image":"","background-repeat":"repeat","background-position":"center center","background-size":"auto","background-attachment":"scroll","background-type":"","background-media":"","overlay-type":"","overlay-color":"","overlay-opacity":"","overlay-gradient":""},"mobile":{"background-color":"var(--ast-global-color-5)","background-image":"","background-repeat":"repeat","background-position":"center center","background-size":"auto","background-attachment":"scroll","background-type":"","background-media":"","overlay-type":"","overlay-color":"","overlay-opacity":"","overlay-gradient":""}},"footnotes":""},"class_list":["post-1001","page","type-page","status-publish","hentry"],"uagb_featured_image_src":{"full":false,"thumbnail":false,"medium":false,"medium_large":false,"large":false,"1536x1536":false,"2048x2048":false},"uagb_author_info":{"display_name":"AdministratoRIN","author_link":"https:\/\/www.christen-online.at\/?author=1"},"uagb_comment_info":0,"uagb_excerpt":"Textkritik Ist die Bibel wahr? Gibt es nur eine Bibel? Wie entstand das Neue Testament? Die Bibel (Kurs) Bibel\u00fcberlick (weiterf\u00fchrende Links) H\u00f6rbibel (Schlachter 2000) schlachter2000.de Warum habe ich gelebt 3.286 erf\u00fcllte Prophezeiungen","_links":{"self":[{"href":"https:\/\/www.christen-online.at\/index.php?rest_route=\/wp\/v2\/pages\/1001","targetHints":{"allow":["GET"]}}],"collection":[{"href":"https:\/\/www.christen-online.at\/index.php?rest_route=\/wp\/v2\/pages"}],"about":[{"href":"https:\/\/www.christen-online.at\/index.php?rest_route=\/wp\/v2\/types\/page"}],"author":[{"embeddable":true,"href":"https:\/\/www.christen-online.at\/index.php?rest_route=\/wp\/v2\/users\/1"}],"replies":[{"embeddable":true,"href":"https:\/\/www.christen-online.at\/index.php?rest_route=%2Fwp%2Fv2%2Fcomments&post=1001"}],"version-history":[{"count":5,"href":"https:\/\/www.christen-online.at\/index.php?rest_route=\/wp\/v2\/pages\/1001\/revisions"}],"predecessor-version":[{"id":1240,"href":"https:\/\/www.christen-online.at\/index.php?rest_route=\/wp\/v2\/pages\/1001\/revisions\/1240"}],"wp:attachment":[{"href":"https:\/\/www.christen-online.at\/index.php?rest_route=%2Fwp%2Fv2%2Fmedia&parent=1001"}],"curies":[{"name":"wp","href":"https:\/\/api.w.org\/{rel}","templated":true}]}}