{"id":1167,"date":"2023-04-29T18:02:37","date_gmt":"2023-04-29T16:02:37","guid":{"rendered":"http:\/\/www.christen-online.at\/?page_id=1167"},"modified":"2023-04-30T21:08:52","modified_gmt":"2023-04-30T19:08:52","slug":"jesus-christus","status":"publish","type":"page","link":"https:\/\/www.christen-online.at\/?page_id=1167","title":{"rendered":"Jesus Christus"},"content":{"rendered":"\n<div class=\"inherit-container-width wp-block-group is-layout-constrained wp-block-group-is-layout-constrained\"><div class=\"wp-block-group__inner-container\">\n<h1 class=\"wp-block-heading has-ast-global-color-0-color has-text-color\" id=\"Ist-Jesus-Gott?\">Einf\u00fchrung: Ist Jesus Gott?<\/h1>\n\n\n\n<hr class=\"wp-block-separator has-text-color has-ast-global-color-0-color has-alpha-channel-opacity has-ast-global-color-0-background-color has-background is-style-wide\"\/>\n\n\n\n<p>JESUS besitzt alle von der Bibel beschriebenen Eigenschaften, die notwendig sind, um Gott zu sein. Er hat alle Eigenschaften, Vorrechte und die Pers\u00f6nlichkeit von Gott selbst.<\/p>\n\n\n\n<p>Einfach ausgedr\u00fcckt kann man sagen: Alles was in Gott ist, ist auch in JESUS. JESUS ist der eine Gott. Man kann es nicht besser ausdr\u00fccken, als mit dem Satz des Apostel Paulus: \u201cDenn in Ihm wohnt die ganze F\u00fclle der Gottheit leibhaftig, und an dieser F\u00fclle habt ihr teil in Ihm\u2026\u201d (Kolosser 2,9).<\/p>\n\n\n\n<div style=\"height:100px\" aria-hidden=\"true\" id=\"Welche-Eigenschaften-Hat-Jesus?\" class=\"wp-block-spacer\"><\/div>\n<\/div><\/div>\n\n\n\n<div class=\"inherit-container-width wp-block-group is-layout-constrained wp-block-group-is-layout-constrained\"><div class=\"wp-block-group__inner-container\">\n<h1 class=\"wp-block-heading has-ast-global-color-0-color has-text-color\"><strong>Welche Eigenschaften Hat Jesus?<\/strong><\/h1>\n\n\n\n<hr class=\"wp-block-separator has-text-color has-ast-global-color-0-color has-alpha-channel-opacity has-ast-global-color-0-background-color has-background is-style-wide\"\/>\n\n\n\n<p>Vergleicht man die Eigenschaften Gottes mit denen von Jesus, wird man herausfinden, dass JESUS alle Eigenschaften und Vorrechte Gottes besitzt.<\/p>\n\n\n\n<h5 class=\"wp-block-heading\"><strong>Als Mensch<\/strong><\/h5>\n\n\n\n<p>Durch seine Menschlichkeit ist JESUS sichtbar, auf einen K\u00f6rper und in seiner Kraft und Macht beschr\u00e4nkt.<\/p>\n\n\n\n<p>Weil R\u00f6mer 8,9 von Christi Geist spricht, ist JESUS aufgrund seiner g\u00f6ttliche Natur ein Geist (Ihr aber seid nicht fleischlich, sondern geistlich, so anders Gottes Geist in euch wohnt. Wer aber Christi Geist nicht hat, der ist nicht sein.). Wegen seiner G\u00f6ttlichkeit ist und war JESUS allgegenw\u00e4rtig. Ein Beispiel ist daf\u00fcr ist der Hinweis JESU auf den Menschensohn im Himmel. (Und niemand f\u00e4hrt gen Himmel, denn der vom Himmel herniedergekommen ist, n\u00e4mlich des Menschen Sohn, der im Himmel ist. Johannes 3,13.). Seine Allgegenwart ist die Erkl\u00e4rung folgende Aussage: \u201cDenn wo zwei oder drei versammelt sind in Meinem Namen, da bin Ich mitten unter ihnen.\u201d Matth\u00e4us 18,20.<\/p>\n\n\n\n<h5 class=\"wp-block-heading\"><strong>Als Gott<\/strong><\/h5>\n\n\n\n<p>Obwohl die F\u00fclle des Charakters Gottes in einem menschlichen K\u00f6rper gegenw\u00e4rtig war, konnte sein allgegenw\u00e4rtiger Geist nicht beschr\u00e4nkt werden. Als JESUS auf der Erde als Mensch lebte, war sein Geist \u00fcberall zur gleichen Zeit anwesend.<\/p>\n\n\n\n<h5 class=\"wp-block-heading\"><strong>JESUS wusste alles<\/strong><\/h5>\n\n\n\n<p>Weil JESUS die Gedanken lesen konnte war Er auch allwissend (Es waren aber etliche Schriftgelehrte, die sa\u00dfen allda und gedachten in ihrem Herzen: 7 Wie redet dieser solche Gottesl\u00e4sterung? Wer kann S\u00fcnden vergeben denn allein Gott? 8 Und Jesus erkannte alsbald in seinem Geist, da\u00df sie also gedachten bei sich selbst, und sprach zu Ihnen: Was denkt ihr solches in eurem Herzen? 9 Welches ist leichter: zu dem Gichtbr\u00fcchigen zu sagen: Dir sind deine S\u00fcnden vergeben, oder: Stehe auf, nimm dein Bett und wandle? 10 Auf das ihr aber wisset, da\u00df des Menschen Sohn Macht hat, zu vergeben die S\u00fcnden auf Erden, (sprach er zu dem Gichtbr\u00fcchigen): 11 Ich sage dir, stehe auf, nimm dein Bett und gehe heim! 12 Und alsbald stand er auf, nahm sein Bett und ging hinaus vor allen, also da\u00df sie sich entsetzten und priesen Gott und sprachen: Wir haben solches noch nie gesehen. Markus 2,6-12). Er kannte Nathanael bevor Er ihm traf. (Jesus sah Nathanael zu sich kommen und spricht von ihm: Siehe, ein rechter Israeliter, in welchem kein Falsch ist. 48 Nathanael spricht zu ihm: Woher kennst du mich? Jesus antwortete und sprach zu ihm: Ehe denn dich Philippus rief, da du unter dem Feigenbaum warst, sah ich dich. 49 Nathanael antwortete und spricht zu ihm: Rabbi, du bist Gottes Sohn, du bist der K\u00f6nig von Israel! 50 Jesus antwortete und sprach zu ihm: Du glaubst, weil ich dir gesagt habe, da\u00df ich dich gesehen habe unter dem Feigenbaum; du wirst noch Gr\u00f6\u00dferes denn das sehen. Johannes 1,47-50). Er wei\u00df alle Dinge (Spricht er zum drittenmal zu ihm: Simon Jona, hast du mich lieb? Petrus ward traurig, da\u00df er zum drittenmal zu ihm sagte: Hast du mich lieb? und sprach zu ihm: Herr, du wei\u00dft alle Dinge, du wei\u00dft, da\u00df ich dich liebhabe. Spricht Jesus zu ihm: Weide meine Schafe! Johannes 21,17) und alle Weisheit und Erkenntnis sind in Ihm verborgen (in welchem verborgen liegen alle Sch\u00e4tze der Weisheit und der Erkenntnis. Kolosser 2,3).<\/p>\n\n\n\n<h5 class=\"wp-block-heading\"><strong><strong>JESUS hat alle Macht<\/strong><\/strong><\/h5>\n\n\n\n<p>Weil JESUS alle Macht besitzt, ist er allm\u00e4chtig. Er ist das Haupt aller Herrschaften und M\u00e4chte und ist der Allm\u00e4chtige (Und Jesus trat zu ihnen, redete mit ihnen und sprach: Mir ist gegeben alle Gewalt im Himmel und auf Erden. Matth\u00e4us 28,18; und ihr seid vollkommen in ihm, welcher ist das Haupt aller F\u00fcrstent\u00fcmer und Obrigkeiten; Kolosser 2,10; Ich bin das A und das O, der Anfang und das Ende, spricht Gott der Herr, der da ist und der da war und der da kommt, der Allm\u00e4chtige. Offenbarung 1,8).<\/p>\n\n\n\n<h5 class=\"wp-block-heading\"><strong><strong>JESUS hat alle <strong>JESUS ist unver\u00e4nderlich und unsterblich<\/strong>Macht<\/strong><\/strong><\/h5>\n\n\n\n<p>JESUS ist unver\u00e4nderlich (Jesus Christus gestern und heute und derselbe auch in Ewigkeit. Hebr\u00e4er 13,8). Ebenso ist Er auch ewig und unsterblich (aber von dem Sohn: \u201cGott, dein Stuhl w\u00e4hrt von Ewigkeit zu Ewigkeit; das Zepter deines Reichs ist ein richtiges Zepter. 9 Du hast geliebt die Gerechtigkeit und geha\u00dft die Ungerechtigkeit; darum hat dich, o Gott, gesalbt dein Gott mit dem \u00d6l der Freuden \u00fcber deine Genossen.\u201c 10 Und: \u201cDu, Herr, hast von Anfang die Erde gegr\u00fcndet, und die Himmel sind deiner H\u00e4nde Werk. 11 Sie werden vergehen, du aber wirst bleiben. Und sie werden alle veralten wie ein Kleid; 12 und wie ein Gewand wirst du sie wandeln, und sie werden sich verwandeln. Du aber bist derselbe, und deine Jahre werden nicht aufh\u00f6ren.\u201c Hebr\u00e4er 1,8-12; 18 und der Lebendige; ich war tot, und siehe, ich bin lebendig von Ewigkeit zu Ewigkeit und habe die Schl\u00fcssel der H\u00f6lle und des Todes. Offenbarung 1,8 und 18).<\/p>\n\n\n\n<h5 class=\"wp-block-heading\"><strong><strong><strong>JESUS wird angebetet<\/strong><\/strong><\/strong><\/h5>\n\n\n\n<p>Nur Gott sollte angebetet werden (Und Gott redete alle diese Worte: 2 Ich bin der Herr, dein Gott, der ich dich aus \u00c4gyptenland, aus dem Diensthause, gef\u00fchrt habe. 3 Du sollst keine anderen G\u00f6tter neben mir haben. 4 Du sollst dir kein Bildnis noch irgend ein Gleichnis machen, weder des, das oben im Himmel, noch des, das unten auf Erden, oder des, das im Wasser unter der Erde ist. 5 Bete sie nicht an und diene ihnen nicht. Denn ich, der Herr, dein Gott, bin ein eifriger Gott, der da heimsucht der V\u00e4ter Missetat an den Kindern bis in das dritte und vierte Glied, die mich hassen; 2.Mose 20,1-5; denn du sollst keinen andern Gott anbeten. Denn der Herr hei\u00dft ein Eiferer; ein eifriger Gott ist er. 2.Mose 34,14). Trotzdem wurde JESUS bei vielen Gelegenheiten angebetet. Er wird auch von der gesamten Sch\u00f6pfung angebetet werden (Sie aber beteten ihn an und kehrten wieder gen Jerusalem mit gro\u00dfer Freude Lukas 24,52; da\u00df in dem Namen Jesu sich beugen aller derer Kniee, die im Himmel und auf Erden und unter der Erde sind, Phillipper 2,10; Und abermals, da er einf\u00fchrt den Erstgeborenen in die Welt, spricht er: \u201cUnd es sollen ihn alle Engel Gottes anbeten.\u201c Hebr\u00e4er 1,6).<\/p>\n\n\n\n<h5 class=\"wp-block-heading\"><strong><strong><strong>JESUS vergibt S\u00fcnden<\/strong><\/strong><\/strong><\/h5>\n\n\n\n<p>Nur Gott kann die S\u00fcnden vergeben (Ich, ich tilge deine \u00dcbertretungen um meinetwillen und gedenke deiner S\u00fcnden nicht. Jesaja 43,25), aber auch JESUS hat die Macht S\u00fcnden zu vergeben (Da aber Jesus ihren Glauben sah, sprach er zu dem Gichtbr\u00fcchigen: Mein Sohn, deine S\u00fcnden sind dir vergeben. Markus 2,5). Gott nimmt die Geister der Menschen auf (Denn der Staub mu\u00df wieder zu der Erde kommen, wie er gewesen ist, und der Geist wieder zu Gott, der ihn gegeben hat. Prediger 12,7), doch auch JESUS nahm den Geist von Stephanus auf (und steinigten Stephanus, der anrief und sprach: Herr Jesu, nimm meinen Geist auf! Apostelgeschichte 7,59).<\/p>\n\n\n\n<h5 class=\"wp-block-heading\"><strong><strong><strong><strong>Baumeister des Himmels<\/strong><\/strong><\/strong><\/strong><\/h5>\n\n\n\n<p>Gott ist der Baumeister des Himmels (denn er wartete auf eine Stadt, die einen Grund hat, der Baumeister und Sch\u00f6pfer Gott ist. Hebr\u00e4er 11,10), aber auch JESUS ist der Baumeister des Himmels (Und wenn ich hingehe euch die St\u00e4tte zu bereiten, so will ich wiederkommen und euch zu mir nehmen, auf da\u00df ihr seid, wo ich bin. Johannes 14,3).<\/p>\n\n\n\n<h5 class=\"wp-block-heading\"><strong><strong><strong><strong><strong>G\u00f6ttliche Gef\u00fchle<\/strong><\/strong><\/strong><\/strong><\/strong><\/h5>\n\n\n\n<p>JESUS entfaltet auch alle anderen Charaktereigenschaften Gottes. Zum Beispiel zeigte er w\u00e4hrend seines Lebens auf der Erde g\u00f6ttliche Emotionen, wie Freude, B\u00fcrde und Traurigkeit (Zu der Stunde freute sich Jesus im Geist und sprach: Ich preise dich, Vater und Herr des Himmels und der Erde, da\u00df du solches verborgen hast den Weisen und Klugen, und hast es offenbart den Unm\u00fcndigen. Ja, Vater, also war es wohlgef\u00e4llig vor dir. Lukas 10,21; Und Jesus ging heraus und sah das gro\u00dfe Volk; und es jammerte ihn derselben; denn sie waren wie die Schafe, die keinen Hirten haben; und er fing an eine lange Predigt. Markus 6,34; Und Jesus gingen die Augen \u00fcber. Johannes 11,35).<\/p>\n\n\n\n<div style=\"height:100px\" aria-hidden=\"true\" class=\"wp-block-spacer\"><\/div>\n\n\n\n<figure class=\"wp-block-table\"><table><tbody><tr><td><strong>Eigenschaft<\/strong><\/td><td><strong>Schriftstelle<\/strong><\/td><\/tr><tr><td>Liebe<\/td><td>Ihr M\u00e4nner, liebet eure Weiber, gleichwie Christus auch geliebt hat die Gemeinde und hat sich selbst f\u00fcr sie gegeben, Epheser 5,25<\/td><\/tr><tr><td>Licht<\/td><td>Alle Dinge sind durch dasselbe gemacht, und ohne dasselbe ist nichts gemacht, was gemacht ist.&nbsp; 4&nbsp; In ihm war das Leben, und das Leben war das Licht der Menschen.&nbsp; 5&nbsp; Und das Licht scheint in der Finsternis, und die Finsternis hat&#8217;s nicht begriffen.&nbsp; 6&nbsp; Es ward ein Mensch von Gott gesandt, der hie\u00df Johannes.&nbsp; 7&nbsp; Dieser kam zum Zeugnis, da\u00df er von dem Licht zeugte, auf da\u00df sie alle durch ihn glaubten.&nbsp; 8&nbsp; Er war nicht das Licht, sondern da\u00df er zeugte von dem Licht.&nbsp; 9&nbsp; Das war das wahrhaftige Licht, welches alle Menschen erleuchtet, die in diese Welt kommen. &nbsp;Johannes 1,3-9<\/td><\/tr><tr><td>Heiligkeit<\/td><td>Der Engel antwortete und sprach zu ihr: Der heilige Geist wird \u00fcber dich kommen, und die Kraft des H\u00f6chsten wird dich \u00fcberschatten; darum wird auch das Heilige, das von dir geboren wird, Gottes Sohn genannt werden.&nbsp; Lukas 1,35<\/td><\/tr><tr><td>Barmherzigkeit<\/td><td>Daher mu\u00dfte er in allen Dingen seinen Br\u00fcdern gleich werden, auf da\u00df er barmherzig w\u00fcrde und ein treuer Hoherpriester vor Gott, zu vers\u00f6hnen die S\u00fcnden des Volks.&nbsp; Hebr\u00e4er 2,17<\/td><\/tr><tr><td>Sanftmut<\/td><td>Ich aber, Paulus, ermahne euch durch die Sanftm\u00fctigkeit und Lindigkeit Christi, der ich gegenw\u00e4rtig unter euch gering bin, abwesend aber dreist gegen euch.&nbsp; 2.Korinther 10,1<\/td><\/tr><tr><td>Gerechtigkeit<\/td><td>hinfort ist mir beigelegt die Krone der Gerechtigkeit, welche mir der Herr an jenem Tage, der gerechte Richter, geben wird, nicht aber mir allein, sondern auch allen, die seine Erscheinung liebhaben.&nbsp; 2.Timotheus 4,8<\/td><\/tr><tr><td>Vollkommenheit<\/td><td>bis da\u00df wir alle hinkommen zu einerlei Glauben und Erkenntnis des Sohnes Gottes und ein vollkommener Mann werden, der da sei im Ma\u00dfe des vollkommenen Alters Christi, Epheser 4,13<\/td><\/tr><tr><td>Gericht<\/td><td>Ihr aber verleugnetet den Heiligen und Gerechten und batet, da\u00df man euch den M\u00f6rder schenkte; Apostelgeschichte 3,14<\/td><\/tr><tr><td>Treue<\/td><td>Und ich sah den Himmel aufgetan; und siehe, ein wei\u00dfes Pferd.&nbsp; Und der daraufsa\u00df, hie\u00df Treu und Wahrhaftig, und er richtet und streitet mit Gerechtigkeit.&nbsp; Offenbarung 19,11<\/td><\/tr><tr><td>Wahrheit<\/td><td>Jesus spricht zu ihm: Ich bin der Weg und die Wahrheit und das Leben; niemand kommt zum Vater denn durch mich.&nbsp; Johannes 14,6<\/td><\/tr><tr><td>Gnade<\/td><td>Und von seiner F\u00fclle haben wir alle genommen Gnade um Gnade. 17 Denn das Gesetz ist durch Moses gegeben; die Gnade und Wahrheit ist durch Jesum Christum geworden.&nbsp; Johannes 1,16-17<\/td><\/tr><\/tbody><\/table><\/figure>\n\n\n\n<div style=\"height:100px\" aria-hidden=\"true\" id=\"Was-Sagt-Das-Neue-Testament-\u00dcber-Jesus?\" class=\"wp-block-spacer\"><\/div>\n<\/div><\/div>\n\n\n\n<div class=\"inherit-container-width wp-block-group is-layout-constrained wp-block-group-is-layout-constrained\"><div class=\"wp-block-group__inner-container\">\n<h1 class=\"wp-block-heading has-ast-global-color-0-color has-text-color\"><strong><strong><strong><strong><strong>Was Sagt Das Neue Testament \u00dcber Jesus?<\/strong><\/strong><\/strong><\/strong><\/strong><\/h1>\n\n\n\n<hr class=\"wp-block-separator has-text-color has-ast-global-color-0-color has-alpha-channel-opacity has-ast-global-color-0-background-color has-background is-style-wide\"\/>\n\n\n\n<ul class=\"wp-block-list\">\n<li>Thomas bekannte JESUS als Herrn und Gott (Thomas antwortete und sprach zu ihm: Mein Herr und Mein Gott! Johannes 20,28).<br><\/li>\n\n\n\n<li>Gem\u00e4\u00df Apostelgeschichte 20,28 wird die Kirche durch Gottes eigenes Blut, n\u00e4mlich durch das Blut JESU, erkauft (So habt nun acht auf euch selbst und auf die ganze Herde, unter welche euch der heilige Geist gesetzt hat zu Bisch\u00f6fen, zu weiden die Gemeinde Gottes, welche er durch sein eigen Blut erworben hat.).<br><\/li>\n\n\n\n<li>Paulus beschrieb JESUS als den \u201cGro\u00dfen Gott unseren Erretter JESUS Christus.\u201d Titus 2,13; eine andere Bibel\u00fcbersetzung enth\u00e4lt \u201cunser gro\u00dfer Gott und Retter JESUS Christus\u201d.<br><\/li>\n\n\n\n<li>Petrus bezeichnete ihn als \u201cGott und unser Retter JESUS Christus.\u201d 2. Petrus 1,1; andere Bibel\u00fcbersetzungen enthalten die Worte: \u201cunser Gott und Retter JESUS Christus\u201d.<br><\/li>\n\n\n\n<li>Der K\u00f6rper der Christen ist der Tempel Gottes (Wisset ihr nicht, da\u00df ihr Gottes Tempel seid und der Geist Gottes in euch wohnt? 17 So jemand den Tempel Gottes verderbt, den wird Gott verderben; denn der Tempel Gottes ist heilig, der seid ihr. 1.Korinther 3,16-17), Christen wissen, dass Christus in ihren Herzen wohnt (da\u00df Christus wohne durch den Glauben in euren Herzen und ihr durch die Liebe eingewurzelt und gegr\u00fcndet werdet, Epheser 3,17).<br><\/li>\n\n\n\n<li>Im Brief an die Kolosser wird die Gottheit Christi ausdr\u00fccklich betont: \u201cdenn in Ihm wohnte die F\u00fclle der Gottheit leibhaftig.\u201d (Kolosser 2,9; vergleiche Kolosser 1,19: Denn es ist das Wohlgefallen gewesen, da\u00df in ihm alle F\u00fclle wohnen sollte). Gem\u00e4\u00df diesen Schriftstellen, ist JESUS nicht blo\u00df ein Teil Gottes, sondern in Ihm h\u00e4lt sich Alles von Gott auf. Wenn es mehrere Personen in der Gottheit g\u00e4be, w\u00fcrden sie sich gem\u00e4\u00df Kolosser 2,9 alle in der k\u00f6rperlichen Form JESU aufhalten.<br><\/li>\n\n\n\n<li>Christen sind vollst\u00e4ndig in Ihm (und ihr seid vollkommen in ihm, welcher ist das Haupt aller F\u00fcrstent\u00fcmer und Obrigkeiten; Kolosser 2,10). Was immer auch Christen von Gott ben\u00f6tigen, k\u00f6nnen sie einzig und allein in JESUS Christus finden.<\/li>\n<\/ul>\n\n\n\n<p>Es kann also zusammengefasst werden, dass im Neuen Testament die v\u00f6llige Gottheit JESU Christi bezeugt wird.<\/p>\n\n\n\n<div style=\"height:100px\" aria-hidden=\"true\" id=\"Gott-in-einem-menschlichen-K\u00f6rper?\" class=\"wp-block-spacer\"><\/div>\n<\/div><\/div>\n\n\n\n<div class=\"inherit-container-width wp-block-group is-layout-constrained wp-block-group-is-layout-constrained\"><div class=\"wp-block-group__inner-container\">\n<h1 class=\"wp-block-heading has-ast-global-color-0-color has-text-color\"><strong><strong><strong><strong>Gott in einem menschlichen K\u00f6rper?<\/strong><\/strong><\/strong><\/strong><\/h1>\n\n\n\n<hr class=\"wp-block-separator has-text-color has-ast-global-color-0-color has-alpha-channel-opacity has-ast-global-color-0-background-color has-background is-style-wide\"\/>\n\n\n\n<div data-wp-interactive=\"core\/file\" class=\"wp-block-file\"><object data-wp-bind--hidden=\"!state.hasPdfPreview\" hidden class=\"wp-block-file__embed\" data=\"https:\/\/www.christen-online.at\/wp-content\/uploads\/2023\/04\/Gott-in-einem-menschlichen-Korper.pdf\" type=\"application\/pdf\" style=\"width:100%;height:600px\" aria-label=\"Embed of Gott-in-einem-menschlichen-Korper.\"><\/object><a id=\"wp-block-file--media-dc92a636-b5ce-40c2-951a-dc8d8c75fba6\" href=\"https:\/\/www.christen-online.at\/wp-content\/uploads\/2023\/04\/Gott-in-einem-menschlichen-Korper.pdf\">Gott-in-einem-menschlichen-Korper<\/a><a href=\"https:\/\/www.christen-online.at\/wp-content\/uploads\/2023\/04\/Gott-in-einem-menschlichen-Korper.pdf\" class=\"wp-block-file__button wp-element-button\" download aria-describedby=\"wp-block-file--media-dc92a636-b5ce-40c2-951a-dc8d8c75fba6\">Herunterladen<\/a><\/div>\n\n\n\n<div style=\"height:100px\" aria-hidden=\"true\" id=\"Ist-Jesus-Jahwe?\" class=\"wp-block-spacer\"><\/div>\n<\/div><\/div>\n\n\n\n<div class=\"inherit-container-width wp-block-group is-layout-constrained wp-block-group-is-layout-constrained\"><div class=\"wp-block-group__inner-container\">\n<h1 class=\"wp-block-heading has-ast-global-color-0-color has-text-color\"><strong>Ist Jesus Jahwe<\/strong>?<\/h1>\n\n\n\n<hr class=\"wp-block-separator has-text-color has-ast-global-color-0-color has-alpha-channel-opacity has-ast-global-color-0-background-color has-background is-style-wide\"\/>\n\n\n\n<div data-wp-interactive=\"core\/file\" class=\"wp-block-file\"><object data-wp-bind--hidden=\"!state.hasPdfPreview\" hidden class=\"wp-block-file__embed\" data=\"https:\/\/www.christen-online.at\/wp-content\/uploads\/2023\/04\/Ist-Jesus-Jahweh.pdf\" type=\"application\/pdf\" style=\"width:100%;height:600px\" aria-label=\"Embed of Ist-Jesus-Jahweh.\"><\/object><a id=\"wp-block-file--media-dc92a636-b5ce-40c2-951a-dc8d8c75fba6\" href=\"https:\/\/www.christen-online.at\/wp-content\/uploads\/2023\/04\/Ist-Jesus-Jahweh.pdf\">Ist-Jesus-Jahweh<\/a><a href=\"https:\/\/www.christen-online.at\/wp-content\/uploads\/2023\/04\/Ist-Jesus-Jahweh.pdf\" class=\"wp-block-file__button wp-element-button\" download aria-describedby=\"wp-block-file--media-dc92a636-b5ce-40c2-951a-dc8d8c75fba6\">Herunterladen<\/a><\/div>\n\n\n\n<div style=\"height:100px\" aria-hidden=\"true\" id=\"Jesus-ist-der-Erl\u00f6ser\" class=\"wp-block-spacer\"><\/div>\n<\/div><\/div>\n\n\n\n<div class=\"inherit-container-width wp-block-group is-layout-constrained wp-block-group-is-layout-constrained\"><div class=\"wp-block-group__inner-container\">\n<h1 class=\"wp-block-heading has-ast-global-color-0-color has-text-color\"><strong>Jesus ist der Erl\u00f6ser<\/strong><\/h1>\n\n\n\n<hr class=\"wp-block-separator has-text-color has-ast-global-color-0-color has-alpha-channel-opacity has-ast-global-color-0-background-color has-background is-style-wide\"\/>\n\n\n\n<div data-wp-interactive=\"core\/file\" class=\"wp-block-file\"><object data-wp-bind--hidden=\"!state.hasPdfPreview\" hidden class=\"wp-block-file__embed\" data=\"https:\/\/www.christen-online.at\/wp-content\/uploads\/2023\/04\/Jesus-ist-der-Erloser.pdf\" type=\"application\/pdf\" style=\"width:100%;height:600px\" aria-label=\"Embed of Jesus-ist-der-Erloser.\"><\/object><a id=\"wp-block-file--media-dc92a636-b5ce-40c2-951a-dc8d8c75fba6\" href=\"https:\/\/www.christen-online.at\/wp-content\/uploads\/2023\/04\/Jesus-ist-der-Erloser.pdf\">Jesus-ist-der-Erloser<\/a><a href=\"https:\/\/www.christen-online.at\/wp-content\/uploads\/2023\/04\/Jesus-ist-der-Erloser.pdf\" class=\"wp-block-file__button wp-element-button\" download aria-describedby=\"wp-block-file--media-dc92a636-b5ce-40c2-951a-dc8d8c75fba6\">Herunterladen<\/a><\/div>\n\n\n\n<div style=\"height:100px\" aria-hidden=\"true\" class=\"wp-block-spacer\"><\/div>\n<\/div><\/div>\n","protected":false},"excerpt":{"rendered":"<p>Einf\u00fchrung: Ist Jesus Gott? JESUS besitzt alle von der Bibel beschriebenen Eigenschaften, die notwendig sind, um Gott zu sein. Er hat alle Eigenschaften, Vorrechte und die Pers\u00f6nlichkeit von Gott selbst. Einfach ausgedr\u00fcckt kann man sagen: Alles was in Gott ist, ist auch in JESUS. JESUS ist der eine Gott. Man kann es nicht besser ausdr\u00fccken, [&hellip;]<\/p>\n","protected":false},"author":1,"featured_media":0,"parent":0,"menu_order":0,"comment_status":"closed","ping_status":"closed","template":"","meta":{"_uag_custom_page_level_css":"","site-sidebar-layout":"default","site-content-layout":"","ast-site-content-layout":"default","site-content-style":"default","site-sidebar-style":"default","ast-global-header-display":"","ast-banner-title-visibility":"","ast-main-header-display":"","ast-hfb-above-header-display":"","ast-hfb-below-header-display":"","ast-hfb-mobile-header-display":"","site-post-title":"disabled","ast-breadcrumbs-content":"","ast-featured-img":"","footer-sml-layout":"","theme-transparent-header-meta":"","adv-header-id-meta":"","stick-header-meta":"","header-above-stick-meta":"","header-main-stick-meta":"","header-below-stick-meta":"","astra-migrate-meta-layouts":"default","ast-page-background-enabled":"default","ast-page-background-meta":{"desktop":{"background-color":"","background-image":"","background-repeat":"repeat","background-position":"center center","background-size":"auto","background-attachment":"scroll","background-type":"","background-media":"","overlay-type":"","overlay-color":"","overlay-opacity":"","overlay-gradient":""},"tablet":{"background-color":"","background-image":"","background-repeat":"repeat","background-position":"center center","background-size":"auto","background-attachment":"scroll","background-type":"","background-media":"","overlay-type":"","overlay-color":"","overlay-opacity":"","overlay-gradient":""},"mobile":{"background-color":"","background-image":"","background-repeat":"repeat","background-position":"center center","background-size":"auto","background-attachment":"scroll","background-type":"","background-media":"","overlay-type":"","overlay-color":"","overlay-opacity":"","overlay-gradient":""}},"ast-content-background-meta":{"desktop":{"background-color":"var(--ast-global-color-5)","background-image":"","background-repeat":"repeat","background-position":"center center","background-size":"auto","background-attachment":"scroll","background-type":"","background-media":"","overlay-type":"","overlay-color":"","overlay-opacity":"","overlay-gradient":""},"tablet":{"background-color":"var(--ast-global-color-5)","background-image":"","background-repeat":"repeat","background-position":"center center","background-size":"auto","background-attachment":"scroll","background-type":"","background-media":"","overlay-type":"","overlay-color":"","overlay-opacity":"","overlay-gradient":""},"mobile":{"background-color":"var(--ast-global-color-5)","background-image":"","background-repeat":"repeat","background-position":"center center","background-size":"auto","background-attachment":"scroll","background-type":"","background-media":"","overlay-type":"","overlay-color":"","overlay-opacity":"","overlay-gradient":""}},"footnotes":""},"class_list":["post-1167","page","type-page","status-publish","hentry"],"uagb_featured_image_src":{"full":false,"thumbnail":false,"medium":false,"medium_large":false,"large":false,"1536x1536":false,"2048x2048":false},"uagb_author_info":{"display_name":"AdministratoRIN","author_link":"https:\/\/www.christen-online.at\/?author=1"},"uagb_comment_info":0,"uagb_excerpt":"Einf\u00fchrung: Ist Jesus Gott? JESUS besitzt alle von der Bibel beschriebenen Eigenschaften, die notwendig sind, um Gott zu sein. Er hat alle Eigenschaften, Vorrechte und die Pers\u00f6nlichkeit von Gott selbst. Einfach ausgedr\u00fcckt kann man sagen: Alles was in Gott ist, ist auch in JESUS. JESUS ist der eine Gott. Man kann es nicht besser ausdr\u00fccken,&hellip;","_links":{"self":[{"href":"https:\/\/www.christen-online.at\/index.php?rest_route=\/wp\/v2\/pages\/1167","targetHints":{"allow":["GET"]}}],"collection":[{"href":"https:\/\/www.christen-online.at\/index.php?rest_route=\/wp\/v2\/pages"}],"about":[{"href":"https:\/\/www.christen-online.at\/index.php?rest_route=\/wp\/v2\/types\/page"}],"author":[{"embeddable":true,"href":"https:\/\/www.christen-online.at\/index.php?rest_route=\/wp\/v2\/users\/1"}],"replies":[{"embeddable":true,"href":"https:\/\/www.christen-online.at\/index.php?rest_route=%2Fwp%2Fv2%2Fcomments&post=1167"}],"version-history":[{"count":8,"href":"https:\/\/www.christen-online.at\/index.php?rest_route=\/wp\/v2\/pages\/1167\/revisions"}],"predecessor-version":[{"id":1261,"href":"https:\/\/www.christen-online.at\/index.php?rest_route=\/wp\/v2\/pages\/1167\/revisions\/1261"}],"wp:attachment":[{"href":"https:\/\/www.christen-online.at\/index.php?rest_route=%2Fwp%2Fv2%2Fmedia&parent=1167"}],"curies":[{"name":"wp","href":"https:\/\/api.w.org\/{rel}","templated":true}]}}