{"id":218,"date":"2021-11-19T11:07:02","date_gmt":"2021-11-19T10:07:02","guid":{"rendered":"http:\/\/www.christen-online.at\/?page_id=218"},"modified":"2021-11-19T17:08:32","modified_gmt":"2021-11-19T16:08:32","slug":"1-2-wie-ist-gott","status":"publish","type":"page","link":"https:\/\/www.christen-online.at\/?page_id=218","title":{"rendered":"1.2 Wie ist Gott?"},"content":{"rendered":"\n<p><a href=\"https:\/\/www.christen-online.at\/?p=231\" data-type=\"post\" data-id=\"231\">1.2.1 Ist Gott ein Geist?<\/a><\/p>\n\n\n\n<p><a href=\"https:\/\/www.christen-online.at\/?p=238\" data-type=\"post\" data-id=\"238\">1.2.2 Ist Gott unsichtbar?<\/a><\/p>\n\n\n\n<p><a href=\"https:\/\/www.christen-online.at\/?p=241\" data-type=\"post\" data-id=\"241\">1.2.3 Ist Gott \u00fcberall anwesend?<\/a><\/p>\n\n\n\n<p><a href=\"https:\/\/www.christen-online.at\/?p=244\" data-type=\"post\" data-id=\"244\">1.2.4 Hat Gott einen K\u00f6rper?<\/a><\/p>\n\n\n\n<p><a href=\"https:\/\/www.christen-online.at\/?p=247\" data-type=\"post\" data-id=\"247\">1.2.5 Wei\u00df und kann Gott alles?<\/a><\/p>\n\n\n\n<p><a href=\"https:\/\/www.christen-online.at\/?p=249\" data-type=\"post\" data-id=\"249\">1.2.6 Ist Gott ewig?<\/a><\/p>\n\n\n\n<p><a href=\"\/dokumente\/127Perslicheit.pdf\">1.2.7 Hat Gott eine Pers\u00f6nlichkeit?<\/a>\u00a0<\/p>\n","protected":false},"excerpt":{"rendered":"<p>1.2.1 Ist Gott ein Geist? 1.2.2 Ist Gott unsichtbar? 1.2.3 Ist Gott \u00fcberall anwesend? 1.2.4 Hat Gott einen K\u00f6rper? 1.2.5 Wei\u00df und kann Gott alles? 1.2.6 Ist Gott ewig? 1.2.7 Hat Gott eine Pers\u00f6nlichkeit?\u00a0<\/p>\n","protected":false},"author":1,"featured_media":0,"parent":0,"menu_order":0,"comment_status":"closed","ping_status":"closed","template":"","meta":{"_uag_custom_page_level_css":"","site-sidebar-layout":"default","site-content-layout":"","ast-site-content-layout":"default","site-content-style":"default","site-sidebar-style":"default","ast-global-header-display":"","ast-banner-title-visibility":"","ast-main-header-display":"","ast-hfb-above-header-display":"","ast-hfb-below-header-display":"","ast-hfb-mobile-header-display":"","site-post-title":"","ast-breadcrumbs-content":"","ast-featured-img":"","footer-sml-layout":"","theme-transparent-header-meta":"","adv-header-id-meta":"","stick-header-meta":"","header-above-stick-meta":"","header-main-stick-meta":"","header-below-stick-meta":"","astra-migrate-meta-layouts":"default","ast-page-background-enabled":"default","ast-page-background-meta":{"desktop":{"background-color":"","background-image":"","background-repeat":"repeat","background-position":"center center","background-size":"auto","background-attachment":"scroll","background-type":"","background-media":"","overlay-type":"","overlay-color":"","overlay-opacity":"","overlay-gradient":""},"tablet":{"background-color":"","background-image":"","background-repeat":"repeat","background-position":"center center","background-size":"auto","background-attachment":"scroll","background-type":"","background-media":"","overlay-type":"","overlay-color":"","overlay-opacity":"","overlay-gradient":""},"mobile":{"background-color":"","background-image":"","background-repeat":"repeat","background-position":"center center","background-size":"auto","background-attachment":"scroll","background-type":"","background-media":"","overlay-type":"","overlay-color":"","overlay-opacity":"","overlay-gradient":""}},"ast-content-background-meta":{"desktop":{"background-color":"var(--ast-global-color-5)","background-image":"","background-repeat":"repeat","background-position":"center center","background-size":"auto","background-attachment":"scroll","background-type":"","background-media":"","overlay-type":"","overlay-color":"","overlay-opacity":"","overlay-gradient":""},"tablet":{"background-color":"var(--ast-global-color-5)","background-image":"","background-repeat":"repeat","background-position":"center center","background-size":"auto","background-attachment":"scroll","background-type":"","background-media":"","overlay-type":"","overlay-color":"","overlay-opacity":"","overlay-gradient":""},"mobile":{"background-color":"var(--ast-global-color-5)","background-image":"","background-repeat":"repeat","background-position":"center center","background-size":"auto","background-attachment":"scroll","background-type":"","background-media":"","overlay-type":"","overlay-color":"","overlay-opacity":"","overlay-gradient":""}},"footnotes":""},"class_list":["post-218","page","type-page","status-publish","hentry"],"uagb_featured_image_src":{"full":false,"thumbnail":false,"medium":false,"medium_large":false,"large":false,"1536x1536":false,"2048x2048":false},"uagb_author_info":{"display_name":"AdministratoRIN","author_link":"https:\/\/www.christen-online.at\/?author=1"},"uagb_comment_info":0,"uagb_excerpt":"1.2.1 Ist Gott ein Geist? 1.2.2 Ist Gott unsichtbar? 1.2.3 Ist Gott \u00fcberall anwesend? 1.2.4 Hat Gott einen K\u00f6rper? 1.2.5 Wei\u00df und kann Gott alles? 1.2.6 Ist Gott ewig? 1.2.7 Hat Gott eine Pers\u00f6nlichkeit?\u00a0","_links":{"self":[{"href":"https:\/\/www.christen-online.at\/index.php?rest_route=\/wp\/v2\/pages\/218","targetHints":{"allow":["GET"]}}],"collection":[{"href":"https:\/\/www.christen-online.at\/index.php?rest_route=\/wp\/v2\/pages"}],"about":[{"href":"https:\/\/www.christen-online.at\/index.php?rest_route=\/wp\/v2\/types\/page"}],"author":[{"embeddable":true,"href":"https:\/\/www.christen-online.at\/index.php?rest_route=\/wp\/v2\/users\/1"}],"replies":[{"embeddable":true,"href":"https:\/\/www.christen-online.at\/index.php?rest_route=%2Fwp%2Fv2%2Fcomments&post=218"}],"version-history":[{"count":6,"href":"https:\/\/www.christen-online.at\/index.php?rest_route=\/wp\/v2\/pages\/218\/revisions"}],"predecessor-version":[{"id":479,"href":"https:\/\/www.christen-online.at\/index.php?rest_route=\/wp\/v2\/pages\/218\/revisions\/479"}],"wp:attachment":[{"href":"https:\/\/www.christen-online.at\/index.php?rest_route=%2Fwp%2Fv2%2Fmedia&parent=218"}],"curies":[{"name":"wp","href":"https:\/\/api.w.org\/{rel}","templated":true}]}}