{"id":25,"date":"2021-11-18T23:04:38","date_gmt":"2021-11-18T22:04:38","guid":{"rendered":"http:\/\/www.christen-online.at\/?page_id=25"},"modified":"2021-12-10T19:20:10","modified_gmt":"2021-12-10T18:20:10","slug":"warum-diese-site","status":"publish","type":"page","link":"https:\/\/www.christen-online.at\/?page_id=25","title":{"rendered":"Warum diese Site"},"content":{"rendered":"\n<p>Wir wollen mit dir teilen, was wir in Gottes Wort herausgefunden haben. Heute gibt es so viele Ansichten und Meinungen was den Glauben betrifft.<br><br>Diese Website ist eine Plattform f\u00fcr ehrliche, suchende Menschen, die &#8211; wie wir &#8211; wissen wollen, was Gottes Wort sagt und nicht was andere Menschen und Institutionen aus Italien, Amerika oder sonst wo behaupten.<br>Wenn du zu ersteren geh\u00f6rst,\u00a0<a href=\"mailto:kontakt@christen-online.at\">schreib uns<\/a>!<br><br>Wo gehobelt wird, da fallen Sp\u00e4ne und wo es Menschen gibt, da gibt es Betrug. Man h\u00f6rt jedoch nicht aufgrund schlechter Polizisten einfach mit dem Autofahren auf oder schmei\u00dft die Schule wegen unfairer Lehrer hin. Ebenso wenig h\u00f6rt jemand auf zu essen, weil Lebensmittelvergiftungen existieren oder gibt seine Arbeit auf weil wir zu hohe Steuern zahlen m\u00fcssen oder verr\u00fcckte Chefs haben. In jeder Hinsicht des Lebens gibt es auf diesem Planeten Missbrauch, Zweckentfremdung und Schwindel. Wir lernen, mit diesen Dingen zu leben und sie zu umgehen, aber wir sind nicht schockiert dar\u00fcber. GOTT ist ein Aspekt des Lebens. ER wurde durch die Geschichte hindurch sowohl richtig als auch falsch repr\u00e4sentiert. F\u00fcr jede &#8220;Bl\u00fcte&#8221; muss es ein Original geben. Wir w\u00fcrden niemals in Betracht ziehen, Geld abzulehnen weil wir zwangsl\u00e4ufig davon ausgehen, es sei eine F\u00e4lschung. Stattdessen bedienen wir uns geeigneter Ma\u00dfnahmen, um zwischen Original und Imitation (Tatsachen und Nachahmungen) zu unterscheiden. Die meisten Leute wurden konditioniert, eine L\u00fcge zu leben. Sie sind auf Teilnahmslosigkeit programmiert; mit zynischer Skepsis als \u00dcberlebensstrategie in einem Dschungel der T\u00e4uschung. Sehr wenige Leute sind abenteuerlustig, k\u00fchn oder intellektuell ehrlich genug, um den Status quo zu hinterfragen, herauszufordern oder eingehend zu pr\u00fcfen. Sie trauen sich, Staub aufzuwirbeln, indem sie geistlichen Angelegenheiten auf den Grund gehen und nachforschen, wann, wo, warum und wie GOTT entstellt, verzerrt, verleumdet, umge\u00e4ndert und neu \u00fcberarbeitet wurde. Wir sind diese Leute! Wir w\u00fcnschen uns einen themenbezogenen, ehrlichen Austausch und dr\u00fccken uns nicht vor ernsthafter, sachlicher Auseinandersetzung. Kritik und genaue Pr\u00fcfung sind Bestandteile unserer Analyse und Suche nach WAHRHEIT. Nicht Irrtum soll herrschen. Wahrheit soll triumphieren! Diese Seite dient der Aufdeckung pseudo-christlicher Behauptungen. Menschen mit Argumenten haben keine Chance gegen Menschen mit einem Erlebnis! Sei nicht scheu &#8211; Sei mutig! Frage nach, erkundige dich und bleibe dran an deiner Forschung nach WAHRHEIT. Wir werden keine Kommentare, Anfragen oder Gegenargumente verunglimpfen, vorausgesetzt sie werden mit der Absicht einer h\u00f6flichen Debatte und aufrichtiger Neugier dargeboten. Im Gegenteil, wir freuen uns \u00fcber solch einen Dialog und ziehen Gewinn daraus &#8211; denn er bringt uns n\u00e4her und n\u00e4her zur WAHRHEIT. Lasst die Diskussion beginnen &#8211; in JESU Namen!<\/p>\n","protected":false},"excerpt":{"rendered":"<p>Wir wollen mit dir teilen, was wir in Gottes Wort herausgefunden haben. Heute gibt es so viele Ansichten und Meinungen was den Glauben betrifft. Diese Website ist eine Plattform f\u00fcr ehrliche, suchende Menschen, die &#8211; wie wir &#8211; wissen wollen, was Gottes Wort sagt und nicht was andere Menschen und Institutionen aus Italien, Amerika oder [&hellip;]<\/p>\n","protected":false},"author":1,"featured_media":0,"parent":0,"menu_order":0,"comment_status":"closed","ping_status":"closed","template":"","meta":{"_uag_custom_page_level_css":"","site-sidebar-layout":"default","site-content-layout":"","ast-site-content-layout":"default","site-content-style":"default","site-sidebar-style":"default","ast-global-header-display":"","ast-banner-title-visibility":"","ast-main-header-display":"","ast-hfb-above-header-display":"","ast-hfb-below-header-display":"","ast-hfb-mobile-header-display":"","site-post-title":"","ast-breadcrumbs-content":"","ast-featured-img":"","footer-sml-layout":"","theme-transparent-header-meta":"","adv-header-id-meta":"","stick-header-meta":"","header-above-stick-meta":"","header-main-stick-meta":"","header-below-stick-meta":"","astra-migrate-meta-layouts":"default","ast-page-background-enabled":"default","ast-page-background-meta":{"desktop":{"background-color":"","background-image":"","background-repeat":"repeat","background-position":"center center","background-size":"auto","background-attachment":"scroll","background-type":"","background-media":"","overlay-type":"","overlay-color":"","overlay-opacity":"","overlay-gradient":""},"tablet":{"background-color":"","background-image":"","background-repeat":"repeat","background-position":"center center","background-size":"auto","background-attachment":"scroll","background-type":"","background-media":"","overlay-type":"","overlay-color":"","overlay-opacity":"","overlay-gradient":""},"mobile":{"background-color":"","background-image":"","background-repeat":"repeat","background-position":"center center","background-size":"auto","background-attachment":"scroll","background-type":"","background-media":"","overlay-type":"","overlay-color":"","overlay-opacity":"","overlay-gradient":""}},"ast-content-background-meta":{"desktop":{"background-color":"var(--ast-global-color-5)","background-image":"","background-repeat":"repeat","background-position":"center center","background-size":"auto","background-attachment":"scroll","background-type":"","background-media":"","overlay-type":"","overlay-color":"","overlay-opacity":"","overlay-gradient":""},"tablet":{"background-color":"var(--ast-global-color-5)","background-image":"","background-repeat":"repeat","background-position":"center center","background-size":"auto","background-attachment":"scroll","background-type":"","background-media":"","overlay-type":"","overlay-color":"","overlay-opacity":"","overlay-gradient":""},"mobile":{"background-color":"var(--ast-global-color-5)","background-image":"","background-repeat":"repeat","background-position":"center center","background-size":"auto","background-attachment":"scroll","background-type":"","background-media":"","overlay-type":"","overlay-color":"","overlay-opacity":"","overlay-gradient":""}},"footnotes":""},"class_list":["post-25","page","type-page","status-publish","hentry"],"uagb_featured_image_src":{"full":false,"thumbnail":false,"medium":false,"medium_large":false,"large":false,"1536x1536":false,"2048x2048":false},"uagb_author_info":{"display_name":"AdministratoRIN","author_link":"https:\/\/www.christen-online.at\/?author=1"},"uagb_comment_info":0,"uagb_excerpt":"Wir wollen mit dir teilen, was wir in Gottes Wort herausgefunden haben. Heute gibt es so viele Ansichten und Meinungen was den Glauben betrifft. Diese Website ist eine Plattform f\u00fcr ehrliche, suchende Menschen, die &#8211; wie wir &#8211; wissen wollen, was Gottes Wort sagt und nicht was andere Menschen und Institutionen aus Italien, Amerika oder&hellip;","_links":{"self":[{"href":"https:\/\/www.christen-online.at\/index.php?rest_route=\/wp\/v2\/pages\/25","targetHints":{"allow":["GET"]}}],"collection":[{"href":"https:\/\/www.christen-online.at\/index.php?rest_route=\/wp\/v2\/pages"}],"about":[{"href":"https:\/\/www.christen-online.at\/index.php?rest_route=\/wp\/v2\/types\/page"}],"author":[{"embeddable":true,"href":"https:\/\/www.christen-online.at\/index.php?rest_route=\/wp\/v2\/users\/1"}],"replies":[{"embeddable":true,"href":"https:\/\/www.christen-online.at\/index.php?rest_route=%2Fwp%2Fv2%2Fcomments&post=25"}],"version-history":[{"count":7,"href":"https:\/\/www.christen-online.at\/index.php?rest_route=\/wp\/v2\/pages\/25\/revisions"}],"predecessor-version":[{"id":511,"href":"https:\/\/www.christen-online.at\/index.php?rest_route=\/wp\/v2\/pages\/25\/revisions\/511"}],"wp:attachment":[{"href":"https:\/\/www.christen-online.at\/index.php?rest_route=%2Fwp%2Fv2%2Fmedia&parent=25"}],"curies":[{"name":"wp","href":"https:\/\/api.w.org\/{rel}","templated":true}]}}