{"id":709,"date":"2023-04-01T19:52:18","date_gmt":"2023-04-01T17:52:18","guid":{"rendered":"http:\/\/www.christen-online.at\/?page_id=709"},"modified":"2023-04-01T19:53:31","modified_gmt":"2023-04-01T17:53:31","slug":"about-2","status":"publish","type":"page","link":"https:\/\/www.christen-online.at\/?page_id=709","title":{"rendered":"About"},"content":{"rendered":"\t\t<div data-elementor-type=\"wp-page\" data-elementor-id=\"709\" class=\"elementor elementor-709\">\n\t\t\t\t\t\t<section class=\"elementor-section elementor-top-section elementor-element elementor-element-5131a13e elementor-section-boxed elementor-section-height-default elementor-section-height-default\" data-id=\"5131a13e\" data-element_type=\"section\" data-settings=\"{&quot;background_background&quot;:&quot;classic&quot;}\">\n\t\t\t\t\t\t\t<div class=\"elementor-background-overlay\"><\/div>\n\t\t\t\t\t\t\t<div class=\"elementor-container elementor-column-gap-default\">\n\t\t\t\t\t<div class=\"elementor-column elementor-col-100 elementor-top-column elementor-element elementor-element-1053ca7a\" data-id=\"1053ca7a\" data-element_type=\"column\">\n\t\t\t<div class=\"elementor-widget-wrap elementor-element-populated\">\n\t\t\t\t\t\t<div class=\"elementor-element elementor-element-3d99e122 elementor-widget elementor-widget-heading\" data-id=\"3d99e122\" data-element_type=\"widget\" data-widget_type=\"heading.default\">\n\t\t\t\t<div class=\"elementor-widget-container\">\n\t\t\t\t\t<h1 class=\"elementor-heading-title elementor-size-default\">Warum diese Seite<\/h1>\t\t\t\t<\/div>\n\t\t\t\t<\/div>\n\t\t\t\t\t<\/div>\n\t\t<\/div>\n\t\t\t\t\t<\/div>\n\t\t<\/section>\n\t\t\t\t<section class=\"elementor-section elementor-top-section elementor-element elementor-element-40177ae0 elementor-section-boxed elementor-section-height-default elementor-section-height-default\" data-id=\"40177ae0\" data-element_type=\"section\">\n\t\t\t\t\t\t<div class=\"elementor-container elementor-column-gap-no\">\n\t\t\t\t\t<div class=\"elementor-column elementor-col-50 elementor-top-column elementor-element elementor-element-2828f573\" data-id=\"2828f573\" data-element_type=\"column\">\n\t\t\t<div class=\"elementor-widget-wrap elementor-element-populated\">\n\t\t\t\t\t\t\t<\/div>\n\t\t<\/div>\n\t\t\t\t<div class=\"elementor-column elementor-col-50 elementor-top-column elementor-element elementor-element-48096891\" data-id=\"48096891\" data-element_type=\"column\">\n\t\t\t<div class=\"elementor-widget-wrap elementor-element-populated\">\n\t\t\t\t\t\t<div class=\"elementor-element elementor-element-44ce5982 elementor-widget elementor-widget-text-editor\" data-id=\"44ce5982\" data-element_type=\"widget\" data-widget_type=\"text-editor.default\">\n\t\t\t\t<div class=\"elementor-widget-container\">\n\t\t\t\t\t\t\t\t\t<p>Wir wollen mit dir teilen, was wir in Gottes Wort herausgefunden haben. Heute gibt es so viele Ansichten und Meinungen was den Glauben betrifft.<br \/><br \/>Diese Website ist eine Plattform f\u00fcr ehrliche, suchende Menschen, die \u2013 wie wir \u2013 wissen wollen, was Gottes Wort sagt und nicht was andere Menschen und Institutionen aus Italien, Amerika oder sonst wo behaupten.<br \/>Wenn du zu ersteren geh\u00f6rst,\u00a0<a href=\"mailto:kontakt@christen-online.at\">schreib uns<\/a>!<\/p>\t\t\t\t\t\t\t\t<\/div>\n\t\t\t\t<\/div>\n\t\t\t\t<div class=\"elementor-element elementor-element-e56ab06 elementor-widget elementor-widget-text-editor\" data-id=\"e56ab06\" data-element_type=\"widget\" data-widget_type=\"text-editor.default\">\n\t\t\t\t<div class=\"elementor-widget-container\">\n\t\t\t\t\t\t\t\t\t<p>Wo gehobelt wird, da fallen Sp\u00e4ne und wo es Menschen gibt, da gibt es Betrug. Man h\u00f6rt jedoch nicht aufgrund schlechter Polizisten einfach mit dem Autofahren auf oder schmei\u00dft die Schule wegen unfairer Lehrer hin. Ebenso wenig h\u00f6rt jemand auf zu essen, weil Lebensmittelvergiftungen existieren oder gibt seine Arbeit auf weil wir zu hohe Steuern zahlen m\u00fcssen oder verr\u00fcckte Chefs haben. In jeder Hinsicht des Lebens gibt es auf diesem Planeten Missbrauch, Zweckentfremdung und Schwindel. Wir lernen, mit diesen Dingen zu leben und sie zu umgehen, aber wir sind nicht schockiert dar\u00fcber. GOTT ist ein Aspekt des Lebens. ER wurde durch die Geschichte hindurch sowohl richtig als auch falsch repr\u00e4sentiert. F\u00fcr jede \u201cBl\u00fcte\u201d muss es ein Original geben. Wir w\u00fcrden niemals in Betracht ziehen, Geld abzulehnen weil wir zwangsl\u00e4ufig davon ausgehen, es sei eine F\u00e4lschung. Stattdessen bedienen wir uns geeigneter Ma\u00dfnahmen, um zwischen Original und Imitation (Tatsachen und Nachahmungen) zu unterscheiden. Die meisten Leute wurden konditioniert, eine L\u00fcge zu leben. Sie sind auf Teilnahmslosigkeit programmiert; mit zynischer Skepsis als \u00dcberlebensstrategie in einem Dschungel der T\u00e4uschung. Sehr wenige Leute sind abenteuerlustig, k\u00fchn oder intellektuell ehrlich genug, um den Status quo zu hinterfragen, herauszufordern oder eingehend zu pr\u00fcfen. Sie trauen sich, Staub aufzuwirbeln, indem sie geistlichen Angelegenheiten auf den Grund gehen und nachforschen, wann, wo, warum und wie GOTT entstellt, verzerrt, verleumdet, umge\u00e4ndert und neu \u00fcberarbeitet wurde. Wir sind diese Leute! Wir w\u00fcnschen uns einen themenbezogenen, ehrlichen Austausch und dr\u00fccken uns nicht vor ernsthafter, sachlicher Auseinandersetzung. Kritik und genaue Pr\u00fcfung sind Bestandteile unserer Analyse und Suche nach WAHRHEIT. Nicht Irrtum soll herrschen. Wahrheit soll triumphieren! Diese Seite dient der Aufdeckung pseudo-christlicher Behauptungen. Menschen mit Argumenten haben keine Chance gegen Menschen mit einem Erlebnis!\u00a0<\/p>\t\t\t\t\t\t\t\t<\/div>\n\t\t\t\t<\/div>\n\t\t\t\t<div class=\"elementor-element elementor-element-41a203d elementor-widget elementor-widget-text-editor\" data-id=\"41a203d\" data-element_type=\"widget\" data-widget_type=\"text-editor.default\">\n\t\t\t\t<div class=\"elementor-widget-container\">\n\t\t\t\t\t\t\t\t\t<p>Seien Sie nicht scheu \u2013 Seien Sie mutig! Fragen Sie nach, erkundigen Sie sich und bleiben Sie dran an Ihrer Forschung nach WAHRHEIT. Wir werden keine Kommentare, Anfragen oder Gegenargumente verunglimpfen, vorausgesetzt sie werden mit der Absicht einer h\u00f6flichen Debatte und aufrichtiger Neugier dargeboten. Im Gegenteil, wir freuen uns \u00fcber solch einen Dialog und ziehen Gewinn daraus \u2013 denn er bringt uns n\u00e4her und n\u00e4her zur WAHRHEIT. Lasst die Diskussion beginnen \u2013 in JESU Namen!<\/p>\t\t\t\t\t\t\t\t<\/div>\n\t\t\t\t<\/div>\n\t\t\t\t\t<\/div>\n\t\t<\/div>\n\t\t\t\t\t<\/div>\n\t\t<\/section>\n\t\t\t\t<\/div>\n\t\t","protected":false},"excerpt":{"rendered":"<p>Warum diese Seite Wir wollen mit dir teilen, was wir in Gottes Wort herausgefunden haben. Heute gibt es so viele Ansichten und Meinungen was den Glauben betrifft. Diese Website ist eine Plattform f\u00fcr ehrliche, suchende Menschen, die \u2013 wie wir \u2013 wissen wollen, was Gottes Wort sagt und nicht was andere Menschen und Institutionen aus [&hellip;]<\/p>\n","protected":false},"author":1,"featured_media":0,"parent":0,"menu_order":0,"comment_status":"closed","ping_status":"closed","template":"","meta":{"_uag_custom_page_level_css":"","site-sidebar-layout":"no-sidebar","site-content-layout":"page-builder","ast-site-content-layout":"default","site-content-style":"default","site-sidebar-style":"default","ast-global-header-display":"","ast-banner-title-visibility":"","ast-main-header-display":"","ast-hfb-above-header-display":"","ast-hfb-below-header-display":"","ast-hfb-mobile-header-display":"","site-post-title":"disabled","ast-breadcrumbs-content":"","ast-featured-img":"","footer-sml-layout":"","theme-transparent-header-meta":"enabled","adv-header-id-meta":"","stick-header-meta":"","header-above-stick-meta":"","header-main-stick-meta":"","header-below-stick-meta":"","astra-migrate-meta-layouts":"default","ast-page-background-enabled":"default","ast-page-background-meta":{"desktop":{"background-color":"","background-image":"","background-repeat":"repeat","background-position":"center center","background-size":"auto","background-attachment":"scroll","background-type":"","background-media":"","overlay-type":"","overlay-color":"","overlay-opacity":"","overlay-gradient":""},"tablet":{"background-color":"","background-image":"","background-repeat":"repeat","background-position":"center center","background-size":"auto","background-attachment":"scroll","background-type":"","background-media":"","overlay-type":"","overlay-color":"","overlay-opacity":"","overlay-gradient":""},"mobile":{"background-color":"","background-image":"","background-repeat":"repeat","background-position":"center center","background-size":"auto","background-attachment":"scroll","background-type":"","background-media":"","overlay-type":"","overlay-color":"","overlay-opacity":"","overlay-gradient":""}},"ast-content-background-meta":{"desktop":{"background-color":"var(--ast-global-color-5)","background-image":"","background-repeat":"repeat","background-position":"center center","background-size":"auto","background-attachment":"scroll","background-type":"","background-media":"","overlay-type":"","overlay-color":"","overlay-opacity":"","overlay-gradient":""},"tablet":{"background-color":"var(--ast-global-color-5)","background-image":"","background-repeat":"repeat","background-position":"center center","background-size":"auto","background-attachment":"scroll","background-type":"","background-media":"","overlay-type":"","overlay-color":"","overlay-opacity":"","overlay-gradient":""},"mobile":{"background-color":"var(--ast-global-color-5)","background-image":"","background-repeat":"repeat","background-position":"center center","background-size":"auto","background-attachment":"scroll","background-type":"","background-media":"","overlay-type":"","overlay-color":"","overlay-opacity":"","overlay-gradient":""}},"footnotes":""},"class_list":["post-709","page","type-page","status-publish","hentry"],"uagb_featured_image_src":{"full":false,"thumbnail":false,"medium":false,"medium_large":false,"large":false,"1536x1536":false,"2048x2048":false},"uagb_author_info":{"display_name":"AdministratoRIN","author_link":"https:\/\/www.christen-online.at\/?author=1"},"uagb_comment_info":0,"uagb_excerpt":"Warum diese Seite Wir wollen mit dir teilen, was wir in Gottes Wort herausgefunden haben. Heute gibt es so viele Ansichten und Meinungen was den Glauben betrifft. Diese Website ist eine Plattform f\u00fcr ehrliche, suchende Menschen, die \u2013 wie wir \u2013 wissen wollen, was Gottes Wort sagt und nicht was andere Menschen und Institutionen aus&hellip;","_links":{"self":[{"href":"https:\/\/www.christen-online.at\/index.php?rest_route=\/wp\/v2\/pages\/709","targetHints":{"allow":["GET"]}}],"collection":[{"href":"https:\/\/www.christen-online.at\/index.php?rest_route=\/wp\/v2\/pages"}],"about":[{"href":"https:\/\/www.christen-online.at\/index.php?rest_route=\/wp\/v2\/types\/page"}],"author":[{"embeddable":true,"href":"https:\/\/www.christen-online.at\/index.php?rest_route=\/wp\/v2\/users\/1"}],"replies":[{"embeddable":true,"href":"https:\/\/www.christen-online.at\/index.php?rest_route=%2Fwp%2Fv2%2Fcomments&post=709"}],"version-history":[{"count":4,"href":"https:\/\/www.christen-online.at\/index.php?rest_route=\/wp\/v2\/pages\/709\/revisions"}],"predecessor-version":[{"id":713,"href":"https:\/\/www.christen-online.at\/index.php?rest_route=\/wp\/v2\/pages\/709\/revisions\/713"}],"wp:attachment":[{"href":"https:\/\/www.christen-online.at\/index.php?rest_route=%2Fwp%2Fv2%2Fmedia&parent=709"}],"curies":[{"name":"wp","href":"https:\/\/api.w.org\/{rel}","templated":true}]}}